{"id":2976,"date":"2021-03-15T15:48:17","date_gmt":"2021-03-15T14:48:17","guid":{"rendered":"https:\/\/insushi.it\/dienstleistungen\/"},"modified":"2021-04-07T20:29:42","modified_gmt":"2021-04-07T18:29:42","slug":"dienstleistungen","status":"publish","type":"page","link":"https:\/\/insushi.it\/de\/dienstleistungen\/","title":{"rendered":"Dienstleistungen"},"content":{"rendered":"<p>[et_pb_section fb_built=&#8220;1&#8243; fullwidth=&#8220;on&#8220; _builder_version=&#8220;4.9.1&#8243; _module_preset=&#8220;default&#8220; background_color=&#8220;#ffffff&#8220; background_image=&#8220;https:\/\/insushi.it\/wp-content\/uploads\/2021\/03\/1DEE6A81-F53A-403E-8280-E50BE7707254-e1615481933833.jpeg&#8220; locked=&#8220;off&#8220;][et_pb_fullwidth_header title=&#8220;Dienstleistungen&#8220; subhead=&#8220;Ihr Lieblingsrestaurant.&#8220; button_one_url=&#8220;#menu&#8220; button_two_url=&#8220;#opening&#8220; content_max_width=&#8220;650px&#8220; _builder_version=&#8220;4.9.3&#8243; _module_preset=&#8220;default&#8220; title_font=&#8220;|700||on|||||&#8220; title_text_color=&#8220;#FFFFFF&#8220; title_font_size=&#8220;70px&#8220; content_text_color=&#8220;#000000&#8243; content_font_size=&#8220;39px&#8220; subhead_text_color=&#8220;#FFFFFF&#8220; subhead_font_size=&#8220;26px&#8220; subhead_line_height=&#8220;1.4em&#8220; content_link_text_color=&#8220;rgba(255,255,255,0.5)&#8220; background_enable_color=&#8220;off&#8220; use_background_color_gradient=&#8220;on&#8220; background_color_gradient_start=&#8220;rgba(10,10,10,0.95)&#8220; background_color_gradient_end=&#8220;rgba(10,2,3,0)&#8220; background_color_gradient_direction=&#8220;90deg&#8220; background_color_gradient_start_position=&#8220;25%&#8220; background_color_gradient_end_position=&#8220;80%&#8220; custom_button_one=&#8220;on&#8220; button_one_border_radius=&#8220;100px&#8220; button_one_custom_padding=&#8220;|40px||40px|false|false&#8220; custom_button_two=&#8220;on&#8220; button_two_text_color=&#8220;#97b457&#8243; button_two_border_radius=&#8220;100px&#8220; button_two_custom_padding=&#8220;|40px||40px|false|false&#8220; custom_padding=&#8220;120px||120px||true|false&#8220; custom_padding_tablet=&#8220;180px||160px||false|false&#8220; custom_padding_phone=&#8220;60px||80px||false|false&#8220; custom_padding_last_edited=&#8220;on|phone&#8220; hover_enabled=&#8220;0&#8243; title_font_size_tablet=&#8220;&#8220; title_font_size_phone=&#8220;30px&#8220; title_font_size_last_edited=&#8220;on|phone&#8220; subhead_font_size_tablet=&#8220;&#8220; subhead_font_size_phone=&#8220;22px&#8220; subhead_font_size_last_edited=&#8220;on|phone&#8220; background_last_edited=&#8220;on|desktop&#8220; background_enable_color_tablet=&#8220;off&#8220; background_enable_color_phone=&#8220;off&#8220; use_background_color_gradient_tablet=&#8220;off&#8220; background_color_gradient_end_tablet=&#8220;rgba(10,2,3,0)&#8220; background_color_gradient_end_phone=&#8220;rgba(10,2,3,0.2)&#8220; custom_css_subtitle=&#8220;margin:20px 0 40px;&#8220; button_two_text_color__hover_enabled=&#8220;on|hover&#8220; button_two_text_color__hover=&#8220;#ffffff&#8220; button_two_bg_color__hover_enabled=&#8220;on|hover&#8220; button_two_bg_color__hover=&#8220;#de9e4c&#8220; button_two_bg_enable_color__hover=&#8220;on&#8220; button_two_border_color__hover_enabled=&#8220;on|hover&#8220; button_two_border_color__hover=&#8220;#97b457&#8243; button_one_bg_color__hover_enabled=&#8220;on|hover&#8220; button_one_bg_color__hover=&#8220;#ffffff&#8220; button_one_bg_enable_color__hover=&#8220;on&#8220; button_one_text_color__hover_enabled=&#8220;on|hover&#8220; button_one_text_color__hover=&#8220;#000000&#8243; background_color__hover=&#8220;#de9e4c&#8220; background_color__hover_tablet=&#8220;#de9e4c&#8220; background_color__hover_phone=&#8220;#de9e4c&#8220; sticky_enabled=&#8220;0&#8243;][\/et_pb_fullwidth_header][\/et_pb_section][et_pb_section fb_built=&#8220;1&#8243; custom_padding_last_edited=&#8220;on|tablet&#8220; _builder_version=&#8220;4.9.2&#8243; _module_preset=&#8220;default&#8220; background_color=&#8220;#000000&#8243; custom_padding=&#8220;0px||160px||false|false&#8220; custom_padding_tablet=&#8220;||120px||false|false&#8220; custom_padding_phone=&#8220;&#8220; locked=&#8220;off&#8220;][et_pb_row column_structure=&#8220;3_5,2_5&#8243; use_custom_gutter=&#8220;on&#8220; gutter_width=&#8220;1&#8243; _builder_version=&#8220;4.8.2&#8243; _module_preset=&#8220;default&#8220; max_width=&#8220;1400px&#8220; custom_padding=&#8220;120px|||||&#8220; locked=&#8220;off&#8220;][et_pb_column type=&#8220;3_5&#8243; _builder_version=&#8220;4.7.6&#8243; _module_preset=&#8220;default&#8220;][et_pb_text _builder_version=&#8220;4.9.2&#8243; _module_preset=&#8220;default&#8220; header_2_font=&#8220;|700||on|||||&#8220; header_2_text_color=&#8220;rgba(255,255,255,0.95)&#8220; header_2_font_size=&#8220;44px&#8220; header_2_line_height=&#8220;1.4em&#8220; header_3_font=&#8220;Shadows Into Light Two|600|||||||&#8220; header_3_text_color=&#8220;#A1C92A&#8220; header_3_letter_spacing=&#8220;3px&#8220; max_width=&#8220;700px&#8220; module_alignment=&#8220;center&#8220; custom_margin=&#8220;40px||||false|false&#8220; custom_margin_tablet=&#8220;0px||60px||false|false&#8220; custom_margin_phone=&#8220;&#8220; custom_margin_last_edited=&#8220;on|tablet&#8220; custom_padding=&#8220;|45px||45px|false|false&#8220; custom_padding_tablet=&#8220;|0px||0px|false|false&#8220; custom_padding_phone=&#8220;&#8220; custom_padding_last_edited=&#8220;on|tablet&#8220; animation_style=&#8220;slide&#8220; animation_direction=&#8220;bottom&#8220; animation_intensity_slide=&#8220;10%&#8220; header_2_font_size_tablet=&#8220;&#8220; header_2_font_size_phone=&#8220;30px&#8220; header_2_font_size_last_edited=&#8220;on|phone&#8220; global_colors_info=&#8220;{}&#8220;]<\/p>\n<h3>Ein St\u00fcck Asien<\/h3>\n<h2>Restaurant<\/h2>\n<p>Unsere Restaurants sind unser ganzer Stolz. Wir haben sie mit Sorgfalt und Liebe zum Detail eingerichtet, um in Bozen ein St\u00fcck Asien wieder aufleben zu lassen. Mittags und abends erwartet Sie unser <em>\u00e0 la carte<\/em>-Men\u00fc. Au\u00dferdem bieten wir an Werktagen zu Mittag auch feste Men\u00fcs, um den Bed\u00fcrfnissen unserer Kunden gerecht zu werden.[\/et_pb_text][\/et_pb_column][et_pb_column type=&#8220;2_5&#8243; _builder_version=&#8220;4.7.6&#8243; _module_preset=&#8220;default&#8220;][et_pb_image src=&#8220;https:\/\/insushi.it\/wp-content\/uploads\/2021\/01\/ristorante_sushi_bolzano_insushi_01_1.jpg&#8220; alt=&#8220;Sushi-Restaurant Bozen Insushi&#8220; force_fullwidth=&#8220;on&#8220; _builder_version=&#8220;4.8.2&#8243; _module_preset=&#8220;default&#8220; custom_margin=&#8220;||0px||false|false&#8220; scroll_vertical_motion=&#8220;0|50|50|100|0.3|0|-0.3&#8243;][\/et_pb_image][\/et_pb_column][\/et_pb_row][et_pb_row column_structure=&#8220;3_5,2_5&#8243; use_custom_gutter=&#8220;on&#8220; gutter_width=&#8220;1&#8243; _builder_version=&#8220;4.9.2&#8243; _module_preset=&#8220;default&#8220; max_width=&#8220;1400px&#8220; custom_padding=&#8220;120px|||||&#8220; custom_css_main_element=&#8220;display:flex; flex-direction: row-reverse;&#8220; locked=&#8220;off&#8220; custom_css_main_element_last_edited=&#8220;on|tablet&#8220; custom_css_main_element_tablet=&#8220;display:block;&#8220;][et_pb_column type=&#8220;3_5&#8243; admin_label=&#8220;Text&#8220; _builder_version=&#8220;4.7.7&#8243; _module_preset=&#8220;default&#8220;][et_pb_text _builder_version=&#8220;4.9.2&#8243; _module_preset=&#8220;default&#8220; header_2_font=&#8220;|700||on|||||&#8220; header_2_text_color=&#8220;rgba(255,255,255,0.95)&#8220; header_2_font_size=&#8220;44px&#8220; header_2_line_height=&#8220;1.4em&#8220; header_3_font=&#8220;Shadows Into Light Two|600|||||||&#8220; header_3_text_color=&#8220;#A1C92A&#8220; header_3_letter_spacing=&#8220;3px&#8220; max_width=&#8220;700px&#8220; module_alignment=&#8220;center&#8220; custom_margin=&#8220;60px||||false|false&#8220; custom_margin_tablet=&#8220;0px||60px||false|false&#8220; custom_margin_phone=&#8220;&#8220; custom_margin_last_edited=&#8220;on|tablet&#8220; custom_padding=&#8220;|45px||45px|false|false&#8220; custom_padding_tablet=&#8220;|0px||0px|false|false&#8220; custom_padding_phone=&#8220;&#8220; custom_padding_last_edited=&#8220;on|tablet&#8220; animation_style=&#8220;slide&#8220; animation_direction=&#8220;bottom&#8220; animation_intensity_slide=&#8220;10%&#8220; header_2_font_size_tablet=&#8220;&#8220; header_2_font_size_phone=&#8220;30px&#8220; header_2_font_size_last_edited=&#8220;on|phone&#8220; global_colors_info=&#8220;{}&#8220;]<\/p>\n<h3>Mittag- und Abendessen<\/h3>\n<h2>Take-Away- &amp; Lieferservice<\/h2>\n<div>\n<p><span lang=\"DE\">Damit Sie unser Sushi \u00fcberall genie\u00dfen k\u00f6nnen, bieten wir Ihnen einen Take-Away- und Lieferservice. Dahinter steckt der Gedanke, den Bed\u00fcrfnissen von berufst\u00e4tigen Menschen entgegenzukommen, die eine kurze Mittagspause haben oder denjenigen, die unsere Gerichte ganz bequem zu Hause essen m\u00f6chten. Den Take-Away- und Lieferservice bieten wir sowohl mittags als auch abends.<\/span><\/p>\n<\/div>\n<p>[\/et_pb_text][\/et_pb_column][et_pb_column type=&#8220;2_5&#8243; _builder_version=&#8220;4.7.7&#8243; _module_preset=&#8220;default&#8220;][et_pb_image src=&#8220;https:\/\/insushi.it\/wp-content\/uploads\/2021\/03\/F07B0745-50B9-49AD-BE56-B5EF1875E038-1024&#215;683.jpeg&#8220; alt=&#8220;sushi delivery&#8220; title_text=&#8220;  Insushi-Sauce&#8220; force_fullwidth=&#8220;on&#8220; _builder_version=&#8220;4.9.1&#8243; _module_preset=&#8220;default&#8220; custom_margin=&#8220;||0px||false|false&#8220; scroll_vertical_motion=&#8220;0|50|50|100|0.3|0|-0.3&#8243;][\/et_pb_image][\/et_pb_column][\/et_pb_row][et_pb_row column_structure=&#8220;3_5,2_5&#8243; use_custom_gutter=&#8220;on&#8220; gutter_width=&#8220;1&#8243; _builder_version=&#8220;4.7.6&#8243; _module_preset=&#8220;default&#8220; max_width=&#8220;1400px&#8220; custom_padding=&#8220;120px|||||&#8220; locked=&#8220;off&#8220;][et_pb_column type=&#8220;3_5&#8243; _builder_version=&#8220;4.7.6&#8243; _module_preset=&#8220;default&#8220;][et_pb_text _builder_version=&#8220;4.9.2&#8243; _module_preset=&#8220;default&#8220; header_2_font=&#8220;|700||on|||||&#8220; header_2_text_color=&#8220;rgba(255,255,255,0.95)&#8220; header_2_font_size=&#8220;44px&#8220; header_2_line_height=&#8220;1.4em&#8220; header_3_font=&#8220;Shadows Into Light Two|600|||||||&#8220; header_3_text_color=&#8220;#A1C92A&#8220; header_3_letter_spacing=&#8220;3px&#8220; max_width=&#8220;700px&#8220; module_alignment=&#8220;center&#8220; custom_margin=&#8220;60px||||false|false&#8220; custom_margin_tablet=&#8220;0px||60px||false|false&#8220; custom_margin_phone=&#8220;&#8220; custom_margin_last_edited=&#8220;on|tablet&#8220; custom_padding=&#8220;|45px||45px|false|false&#8220; custom_padding_tablet=&#8220;|0px||0px|false|false&#8220; custom_padding_phone=&#8220;&#8220; custom_padding_last_edited=&#8220;on|tablet&#8220; animation_style=&#8220;slide&#8220; animation_direction=&#8220;bottom&#8220; animation_intensity_slide=&#8220;10%&#8220; header_2_font_size_tablet=&#8220;&#8220; header_2_font_size_phone=&#8220;30px&#8220; header_2_font_size_last_edited=&#8220;on|phone&#8220; global_colors_info=&#8220;{}&#8220;]<\/p>\n<h3>Feste und Veranstaltungen<\/h3>\n<h2>Catering<\/h2>\n<div>\n<p><span lang=\"DE\">F\u00fcr Firmenveranstaltungen, Hochzeiten oder private Feiern steht Ihnen unser Catering-Service zur Verf\u00fcgung. Unsere K\u00f6che vereinbaren mit Ihnen ein auf Ihre Bed\u00fcrfnisse zugeschnittenes Men\u00fc und wir liefern es direkt an den gew\u00fcnschten Ort. Auf Wunsch k\u00f6nnen wir auch unsere Gerichte vor Ort zubereiten und servieren. Nat\u00fcrlich bereiten wir gern auch spezielle Sushi-Kompositionen f\u00fcr Sie vor, z.B. f\u00fcr Geburtstage oder private Partys.<\/span><\/p>\n<\/div>\n<p>[\/et_pb_text][\/et_pb_column][et_pb_column type=&#8220;2_5&#8243; _builder_version=&#8220;4.7.6&#8243; _module_preset=&#8220;default&#8220;][et_pb_image src=&#8220;https:\/\/insushi.it\/wp-content\/uploads\/2021\/03\/catering-2-o.jpg&#8220; alt=&#8220;sushi catering&#8220; force_fullwidth=&#8220;on&#8220; _builder_version=&#8220;4.9.2&#8243; _module_preset=&#8220;default&#8220; custom_margin=&#8220;||0px||false|false&#8220; scroll_vertical_motion=&#8220;0|50|50|100|0.3|0|-0.3&#8243;][\/et_pb_image][\/et_pb_column][\/et_pb_row][et_pb_row column_structure=&#8220;3_5,2_5&#8243; use_custom_gutter=&#8220;on&#8220; gutter_width=&#8220;1&#8243; _builder_version=&#8220;4.9.2&#8243; _module_preset=&#8220;default&#8220; max_width=&#8220;1400px&#8220; custom_padding=&#8220;120px|||||&#8220; custom_css_main_element=&#8220;display:flex; flex-direction: row-reverse;&#8220; locked=&#8220;off&#8220; custom_css_main_element_last_edited=&#8220;on|tablet&#8220; custom_css_main_element_tablet=&#8220;dispaly:block;&#8220;][et_pb_column type=&#8220;3_5&#8243; admin_label=&#8220;Text&#8220; _builder_version=&#8220;4.7.7&#8243; _module_preset=&#8220;default&#8220;][et_pb_text _builder_version=&#8220;4.9.3&#8243; _module_preset=&#8220;default&#8220; header_2_font=&#8220;|700||on|||||&#8220; header_2_text_color=&#8220;rgba(255,255,255,0.95)&#8220; header_2_font_size=&#8220;44px&#8220; header_2_line_height=&#8220;1.4em&#8220; header_3_font=&#8220;Shadows Into Light Two|600|||||||&#8220; header_3_text_color=&#8220;#A1C92A&#8220; header_3_letter_spacing=&#8220;3px&#8220; max_width=&#8220;700px&#8220; module_alignment=&#8220;center&#8220; custom_margin=&#8220;60px||||false|false&#8220; custom_margin_tablet=&#8220;0px||60px||false|false&#8220; custom_margin_phone=&#8220;&#8220; custom_margin_last_edited=&#8220;on|tablet&#8220; custom_padding=&#8220;|0px||0px|false|false&#8220; animation_style=&#8220;slide&#8220; animation_direction=&#8220;bottom&#8220; animation_intensity_slide=&#8220;10%&#8220; header_2_font_size_tablet=&#8220;&#8220; header_2_font_size_phone=&#8220;30px&#8220; header_2_font_size_last_edited=&#8220;on|phone&#8220;]<\/p>\n<h3>Wir beliefern Hotels und Superm\u00e4rkte<\/h3>\n<h2>Zusammenarbeiten<\/h2>\n<p>Oft arbeiten wir mit Hotels zusammen, die einen orientalischen Abend veranstalten oder ihr Buffet mit hochwertigen Sushi-Speisen bereichern m\u00f6chten. Wir liefern unsere frischen Gerichte direkt in Ihr Hotel. Auch verschiedene Superm\u00e4rkte beliefern wir regelm\u00e4\u00dfig mit unserem Sushi.[\/et_pb_text][\/et_pb_column][et_pb_column type=&#8220;2_5&#8243; _builder_version=&#8220;4.7.7&#8243; _module_preset=&#8220;default&#8220;][et_pb_image src=&#8220;https:\/\/insushi.it\/wp-content\/uploads\/2021\/03\/collaborazioni-1-1024&#215;768.jpg&#8220; alt=&#8220;Sushi Kooperationen&#8220; title_text=&#8220;  Insushi-Sauce&#8220; force_fullwidth=&#8220;on&#8220; _builder_version=&#8220;4.9.2&#8243; _module_preset=&#8220;default&#8220; custom_margin=&#8220;||0px||false|false&#8220; scroll_vertical_motion=&#8220;0|50|50|100|0.3|0|-0.3&#8243;][\/et_pb_image][\/et_pb_column][\/et_pb_row][\/et_pb_section]<\/p>\n","protected":false},"excerpt":{"rendered":"<p>Ein St\u00fcck Asien Restaurant Unsere Restaurants sind unser ganzer Stolz. Wir haben sie mit Sorgfalt und Liebe zum Detail eingerichtet, um in Bozen ein St\u00fcck Asien wieder aufleben zu lassen. Mittags und abends erwartet Sie unser \u00e0 la carte-Men\u00fc. Au\u00dferdem bieten wir an Werktagen zu Mittag auch feste Men\u00fcs, um den Bed\u00fcrfnissen unserer Kunden gerecht [&hellip;]<\/p>\n","protected":false},"author":1,"featured_media":2914,"parent":0,"menu_order":0,"comment_status":"closed","ping_status":"closed","template":"","meta":{"_et_pb_use_builder":"on","_et_pb_old_content":"","_et_gb_content_width":"","footnotes":""},"class_list":["post-2976","page","type-page","status-publish","has-post-thumbnail","hentry"],"yoast_head":"<!-- This site is optimized with the Yoast SEO plugin v26.8 - https:\/\/yoast.com\/product\/yoast-seo-wordpress\/ -->\n<title>Dienstleistungen - Insushi<\/title>\n<meta name=\"robots\" content=\"index, follow, max-snippet:-1, max-image-preview:large, max-video-preview:-1\" \/>\n<link rel=\"canonical\" href=\"https:\/\/insushi.it\/de\/dienstleistungen\/\" \/>\n<meta property=\"og:locale\" content=\"de_DE\" \/>\n<meta property=\"og:type\" content=\"article\" \/>\n<meta property=\"og:title\" content=\"Dienstleistungen - Insushi\" \/>\n<meta property=\"og:description\" content=\"Ein St\u00fcck Asien Restaurant Unsere Restaurants sind unser ganzer Stolz. Wir haben sie mit Sorgfalt und Liebe zum Detail eingerichtet, um in Bozen ein St\u00fcck Asien wieder aufleben zu lassen. Mittags und abends erwartet Sie unser \u00e0 la carte-Men\u00fc. Au\u00dferdem bieten wir an Werktagen zu Mittag auch feste Men\u00fcs, um den Bed\u00fcrfnissen unserer Kunden gerecht [&hellip;]\" \/>\n<meta property=\"og:url\" content=\"https:\/\/insushi.it\/de\/dienstleistungen\/\" \/>\n<meta property=\"og:site_name\" content=\"Insushi\" \/>\n<meta property=\"article:modified_time\" content=\"2021-04-07T18:29:42+00:00\" \/>\n<meta property=\"og:image\" content=\"https:\/\/insushi.it\/wp-content\/uploads\/2021\/03\/1DEE6A81-F53A-403E-8280-E50BE7707254-e1615481933833.jpeg\" \/>\n\t<meta property=\"og:image:width\" content=\"2304\" \/>\n\t<meta property=\"og:image:height\" content=\"1536\" \/>\n\t<meta property=\"og:image:type\" content=\"image\/jpeg\" \/>\n<meta name=\"twitter:card\" content=\"summary_large_image\" \/>\n<meta name=\"twitter:label1\" content=\"Gesch\u00e4tzte Lesezeit\" \/>\n\t<meta name=\"twitter:data1\" content=\"3\u00a0Minuten\" \/>\n<script type=\"application\/ld+json\" class=\"yoast-schema-graph\">{\"@context\":\"https:\/\/schema.org\",\"@graph\":[{\"@type\":\"WebPage\",\"@id\":\"https:\/\/insushi.it\/de\/dienstleistungen\/\",\"url\":\"https:\/\/insushi.it\/de\/dienstleistungen\/\",\"name\":\"Dienstleistungen - Insushi\",\"isPartOf\":{\"@id\":\"https:\/\/insushi.it\/de\/#website\"},\"primaryImageOfPage\":{\"@id\":\"https:\/\/insushi.it\/de\/dienstleistungen\/#primaryimage\"},\"image\":{\"@id\":\"https:\/\/insushi.it\/de\/dienstleistungen\/#primaryimage\"},\"thumbnailUrl\":\"https:\/\/insushi.it\/wp-content\/uploads\/2021\/03\/1DEE6A81-F53A-403E-8280-E50BE7707254-e1615481933833.jpeg\",\"datePublished\":\"2021-03-15T14:48:17+00:00\",\"dateModified\":\"2021-04-07T18:29:42+00:00\",\"breadcrumb\":{\"@id\":\"https:\/\/insushi.it\/de\/dienstleistungen\/#breadcrumb\"},\"inLanguage\":\"de\",\"potentialAction\":[{\"@type\":\"ReadAction\",\"target\":[\"https:\/\/insushi.it\/de\/dienstleistungen\/\"]}]},{\"@type\":\"ImageObject\",\"inLanguage\":\"de\",\"@id\":\"https:\/\/insushi.it\/de\/dienstleistungen\/#primaryimage\",\"url\":\"https:\/\/insushi.it\/wp-content\/uploads\/2021\/03\/1DEE6A81-F53A-403E-8280-E50BE7707254-e1615481933833.jpeg\",\"contentUrl\":\"https:\/\/insushi.it\/wp-content\/uploads\/2021\/03\/1DEE6A81-F53A-403E-8280-E50BE7707254-e1615481933833.jpeg\",\"width\":2304,\"height\":1536},{\"@type\":\"BreadcrumbList\",\"@id\":\"https:\/\/insushi.it\/de\/dienstleistungen\/#breadcrumb\",\"itemListElement\":[{\"@type\":\"ListItem\",\"position\":1,\"name\":\"Home\",\"item\":\"https:\/\/insushi.it\/de\/\"},{\"@type\":\"ListItem\",\"position\":2,\"name\":\"Dienstleistungen\"}]},{\"@type\":\"WebSite\",\"@id\":\"https:\/\/insushi.it\/de\/#website\",\"url\":\"https:\/\/insushi.it\/de\/\",\"name\":\"Insushi\",\"description\":\"Ristorante Sushi a Bolzano\",\"potentialAction\":[{\"@type\":\"SearchAction\",\"target\":{\"@type\":\"EntryPoint\",\"urlTemplate\":\"https:\/\/insushi.it\/de\/?s={search_term_string}\"},\"query-input\":{\"@type\":\"PropertyValueSpecification\",\"valueRequired\":true,\"valueName\":\"search_term_string\"}}],\"inLanguage\":\"de\"}]}<\/script>\n<!-- \/ Yoast SEO plugin. -->","yoast_head_json":{"title":"Dienstleistungen - Insushi","robots":{"index":"index","follow":"follow","max-snippet":"max-snippet:-1","max-image-preview":"max-image-preview:large","max-video-preview":"max-video-preview:-1"},"canonical":"https:\/\/insushi.it\/de\/dienstleistungen\/","og_locale":"de_DE","og_type":"article","og_title":"Dienstleistungen - Insushi","og_description":"Ein St\u00fcck Asien Restaurant Unsere Restaurants sind unser ganzer Stolz. Wir haben sie mit Sorgfalt und Liebe zum Detail eingerichtet, um in Bozen ein St\u00fcck Asien wieder aufleben zu lassen. Mittags und abends erwartet Sie unser \u00e0 la carte-Men\u00fc. Au\u00dferdem bieten wir an Werktagen zu Mittag auch feste Men\u00fcs, um den Bed\u00fcrfnissen unserer Kunden gerecht [&hellip;]","og_url":"https:\/\/insushi.it\/de\/dienstleistungen\/","og_site_name":"Insushi","article_modified_time":"2021-04-07T18:29:42+00:00","og_image":[{"width":2304,"height":1536,"url":"https:\/\/insushi.it\/wp-content\/uploads\/2021\/03\/1DEE6A81-F53A-403E-8280-E50BE7707254-e1615481933833.jpeg","type":"image\/jpeg"}],"twitter_card":"summary_large_image","twitter_misc":{"Gesch\u00e4tzte Lesezeit":"3\u00a0Minuten"},"schema":{"@context":"https:\/\/schema.org","@graph":[{"@type":"WebPage","@id":"https:\/\/insushi.it\/de\/dienstleistungen\/","url":"https:\/\/insushi.it\/de\/dienstleistungen\/","name":"Dienstleistungen - Insushi","isPartOf":{"@id":"https:\/\/insushi.it\/de\/#website"},"primaryImageOfPage":{"@id":"https:\/\/insushi.it\/de\/dienstleistungen\/#primaryimage"},"image":{"@id":"https:\/\/insushi.it\/de\/dienstleistungen\/#primaryimage"},"thumbnailUrl":"https:\/\/insushi.it\/wp-content\/uploads\/2021\/03\/1DEE6A81-F53A-403E-8280-E50BE7707254-e1615481933833.jpeg","datePublished":"2021-03-15T14:48:17+00:00","dateModified":"2021-04-07T18:29:42+00:00","breadcrumb":{"@id":"https:\/\/insushi.it\/de\/dienstleistungen\/#breadcrumb"},"inLanguage":"de","potentialAction":[{"@type":"ReadAction","target":["https:\/\/insushi.it\/de\/dienstleistungen\/"]}]},{"@type":"ImageObject","inLanguage":"de","@id":"https:\/\/insushi.it\/de\/dienstleistungen\/#primaryimage","url":"https:\/\/insushi.it\/wp-content\/uploads\/2021\/03\/1DEE6A81-F53A-403E-8280-E50BE7707254-e1615481933833.jpeg","contentUrl":"https:\/\/insushi.it\/wp-content\/uploads\/2021\/03\/1DEE6A81-F53A-403E-8280-E50BE7707254-e1615481933833.jpeg","width":2304,"height":1536},{"@type":"BreadcrumbList","@id":"https:\/\/insushi.it\/de\/dienstleistungen\/#breadcrumb","itemListElement":[{"@type":"ListItem","position":1,"name":"Home","item":"https:\/\/insushi.it\/de\/"},{"@type":"ListItem","position":2,"name":"Dienstleistungen"}]},{"@type":"WebSite","@id":"https:\/\/insushi.it\/de\/#website","url":"https:\/\/insushi.it\/de\/","name":"Insushi","description":"Ristorante Sushi a Bolzano","potentialAction":[{"@type":"SearchAction","target":{"@type":"EntryPoint","urlTemplate":"https:\/\/insushi.it\/de\/?s={search_term_string}"},"query-input":{"@type":"PropertyValueSpecification","valueRequired":true,"valueName":"search_term_string"}}],"inLanguage":"de"}]}},"_links":{"self":[{"href":"https:\/\/insushi.it\/de\/wp-json\/wp\/v2\/pages\/2976","targetHints":{"allow":["GET"]}}],"collection":[{"href":"https:\/\/insushi.it\/de\/wp-json\/wp\/v2\/pages"}],"about":[{"href":"https:\/\/insushi.it\/de\/wp-json\/wp\/v2\/types\/page"}],"author":[{"embeddable":true,"href":"https:\/\/insushi.it\/de\/wp-json\/wp\/v2\/users\/1"}],"replies":[{"embeddable":true,"href":"https:\/\/insushi.it\/de\/wp-json\/wp\/v2\/comments?post=2976"}],"version-history":[{"count":14,"href":"https:\/\/insushi.it\/de\/wp-json\/wp\/v2\/pages\/2976\/revisions"}],"predecessor-version":[{"id":3504,"href":"https:\/\/insushi.it\/de\/wp-json\/wp\/v2\/pages\/2976\/revisions\/3504"}],"wp:featuredmedia":[{"embeddable":true,"href":"https:\/\/insushi.it\/de\/wp-json\/wp\/v2\/media\/2914"}],"wp:attachment":[{"href":"https:\/\/insushi.it\/de\/wp-json\/wp\/v2\/media?parent=2976"}],"curies":[{"name":"wp","href":"https:\/\/api.w.org\/{rel}","templated":true}]}}