{"id":1453,"date":"2020-12-19T19:27:57","date_gmt":"2020-12-19T18:27:57","guid":{"rendered":"https:\/\/insushi.it\/restaurant\/"},"modified":"2021-04-07T20:27:33","modified_gmt":"2021-04-07T18:27:33","slug":"restaurant","status":"publish","type":"page","link":"https:\/\/insushi.it\/de\/restaurant\/","title":{"rendered":"Restaurant"},"content":{"rendered":"<p>[et_pb_section fb_built=&#8220;1&#8243; fullwidth=&#8220;on&#8220; _builder_version=&#8220;4.8.2&#8243; _module_preset=&#8220;default&#8220; background_color=&#8220;#000000&#8243; background_image=&#8220;https:\/\/insushi.it\/wp-content\/uploads\/2021\/01\/ristorante_sushi_bolzano_insushi_06.jpg&#8220;][et_pb_fullwidth_header title=&#8220;Unsere Restaurants&#8220; subhead=&#8220;Wo die japanische kulinarische Tradition wieder auflebt.&#8220; button_one_url=&#8220;#menu&#8220; button_two_url=&#8220;#opening&#8220; content_max_width=&#8220;650px&#8220; _builder_version=&#8220;4.9.2&#8243; _module_preset=&#8220;default&#8220; title_font=&#8220;|700||on|||||&#8220; title_text_color=&#8220;#FFFFFF&#8220; title_font_size=&#8220;70px&#8220; content_text_color=&#8220;#000000&#8243; content_font_size=&#8220;39px&#8220; subhead_text_color=&#8220;#FFFFFF&#8220; subhead_font_size=&#8220;26px&#8220; subhead_line_height=&#8220;1.4em&#8220; content_link_text_color=&#8220;rgba(255,255,255,0.5)&#8220; custom_button_one=&#8220;on&#8220; button_one_border_radius=&#8220;100px&#8220; button_one_custom_padding=&#8220;|40px||40px|false|false&#8220; custom_button_two=&#8220;on&#8220; button_two_text_color=&#8220;#97b457&#8243; button_two_border_radius=&#8220;100px&#8220; button_two_custom_padding=&#8220;|40px||40px|false|false&#8220; custom_padding=&#8220;120px||120px||true|false&#8220; custom_padding_tablet=&#8220;180px||160px||false|false&#8220; custom_padding_phone=&#8220;60px||80px||false|false&#8220; custom_padding_last_edited=&#8220;on|phone&#8220; title_font_size_phone=&#8220;42px&#8220; title_font_size_last_edited=&#8220;on|phone&#8220; subhead_font_size_tablet=&#8220;&#8220; subhead_font_size_phone=&#8220;22px&#8220; subhead_font_size_last_edited=&#8220;on|phone&#8220; background_enable_color_tablet=&#8220;off&#8220; background_enable_color_phone=&#8220;off&#8220; use_background_color_gradient_tablet=&#8220;off&#8220; background_color_gradient_end_tablet=&#8220;rgba(10,2,3,0)&#8220; background_color_gradient_end_phone=&#8220;rgba(10,2,3,0.2)&#8220; custom_css_subtitle=&#8220;margin:20px 0 40px;&#8220; button_two_text_color__hover_enabled=&#8220;on|hover&#8220; button_two_text_color__hover=&#8220;#ffffff&#8220; button_two_bg_color__hover_enabled=&#8220;on|hover&#8220; button_two_bg_color__hover=&#8220;#de9e4c&#8220; button_two_bg_enable_color__hover=&#8220;on&#8220; button_two_border_color__hover_enabled=&#8220;on|hover&#8220; button_two_border_color__hover=&#8220;#97b457&#8243; button_one_bg_color__hover_enabled=&#8220;on|hover&#8220; button_one_bg_color__hover=&#8220;#ffffff&#8220; button_one_bg_enable_color__hover=&#8220;on&#8220; button_one_text_color__hover_enabled=&#8220;on|hover&#8220; button_one_text_color__hover=&#8220;#000000&#8243; background_color__hover=&#8220;#de9e4c&#8220; background_color__hover_tablet=&#8220;#de9e4c&#8220; background_color__hover_phone=&#8220;#de9e4c&#8220; background_enable_color=&#8220;off&#8220; background_last_edited=&#8220;on|desktop&#8220; use_background_color_gradient=&#8220;on&#8220; background_color_gradient_start=&#8220;rgba(10,10,10,0.95)&#8220; background_color_gradient_end=&#8220;rgba(10,2,3,0)&#8220; background_color_gradient_direction=&#8220;90deg&#8220; background_color_gradient_start_position=&#8220;25%&#8220; background_color_gradient_end_position=&#8220;80%&#8220;][\/et_pb_fullwidth_header][\/et_pb_section][et_pb_section fb_built=&#8220;1&#8243; _builder_version=&#8220;4.7.7&#8243; _module_preset=&#8220;default&#8220; background_color=&#8220;#000000&#8243; custom_padding=&#8220;4px||0px|||&#8220; locked=&#8220;off&#8220;][et_pb_row use_custom_gutter=&#8220;on&#8220; gutter_width=&#8220;1&#8243; _builder_version=&#8220;4.7.7&#8243; _module_preset=&#8220;default&#8220; width=&#8220;98%&#8220; max_width=&#8220;1500px&#8220; custom_margin=&#8220;|auto||auto|false|false&#8220; custom_padding=&#8220;||||false|false&#8220;][et_pb_column type=&#8220;4_4&#8243; _builder_version=&#8220;4.7.6&#8243; _module_preset=&#8220;default&#8220; border_width_all=&#8220;15px&#8220; border_color_all=&#8220;rgba(0,0,0,0)&#8220;][et_pb_text _builder_version=&#8220;4.8.2&#8243; header_2_font=&#8220;|700||on|||||&#8220; header_2_text_color=&#8220;rgba(255,255,255,0.95)&#8220; header_2_font_size=&#8220;44px&#8220; header_2_line_height=&#8220;1.4em&#8220; header_3_font=&#8220;Shadows Into Light Two|600|||||||&#8220; header_3_text_color=&#8220;#A1C92A&#8220; header_3_letter_spacing=&#8220;3px&#8220; text_orientation=&#8220;center&#8220; max_width=&#8220;700px&#8220; module_alignment=&#8220;center&#8220; custom_margin=&#8220;100px||120px||false|false&#8220; animation_style=&#8220;slide&#8220; animation_direction=&#8220;bottom&#8220; animation_intensity_slide=&#8220;10%&#8220; header_2_font_size_tablet=&#8220;&#8220; header_2_font_size_phone=&#8220;36px&#8220; header_2_font_size_last_edited=&#8220;on|phone&#8220; locked=&#8220;off&#8220;]<\/p>\n<h3>Insushi am Siegesplatz<\/h3>\n<h2>So hat alles begonnen<\/h2>\n<p>Im Jahr 2009 haben wir unser erstes Restaurant er\u00f6ffnet &#8211; eine kleine asiatische Genuss-Oase am Rande der Bozner Altstadt. Unser Mission war und ist es, die G\u00e4ste zu \u00fcberraschen und ihnen die authentischen Geschmacksnoten der japanischen K\u00fcche n\u00e4herzubringen. Von der stimmungsvollen Einrichtung bis hin zur Pr\u00e4sentation der Gerichte &#8211; wir haben alles bis ins kleinste Detail durchdacht. Ein kleiner Traum, der dank der Leidenschaft und Kompetenz unserer K\u00f6che sowie der Begeisterung unserer ersten Kunden &#8211; die die Qualit\u00e4t unserer Gerichte von Anfang an zu sch\u00e4tzen wussten &#8211; gro\u00df geworden ist.<\/p>\n<p>[\/et_pb_text][et_pb_gallery gallery_ids=&#8220;2177,2022,2014,2171,1971,2173,2179,2227&#8243; show_title_and_caption=&#8220;off&#8220; hover_overlay_color=&#8220;rgba(0,0,0,0.8)&#8220; _builder_version=&#8220;4.7.7&#8243; _module_preset=&#8220;default&#8220; border_width_all=&#8220;1px&#8220; border_color_all=&#8220;#000000&#8243;][\/et_pb_gallery][\/et_pb_column][\/et_pb_row][\/et_pb_section][et_pb_section fb_built=&#8220;1&#8243; _builder_version=&#8220;4.7.7&#8243; _module_preset=&#8220;default&#8220; background_color=&#8220;#000000&#8243; custom_padding=&#8220;4px||0px|||&#8220; locked=&#8220;off&#8220;][et_pb_row use_custom_gutter=&#8220;on&#8220; gutter_width=&#8220;1&#8243; _builder_version=&#8220;4.7.7&#8243; _module_preset=&#8220;default&#8220; width=&#8220;98%&#8220; max_width=&#8220;1500px&#8220; custom_margin=&#8220;|auto||auto|false|false&#8220; custom_padding=&#8220;||||false|false&#8220;][et_pb_column type=&#8220;4_4&#8243; _builder_version=&#8220;4.7.6&#8243; _module_preset=&#8220;default&#8220; border_width_all=&#8220;15px&#8220; border_color_all=&#8220;rgba(0,0,0,0)&#8220;][et_pb_text _builder_version=&#8220;4.8.2&#8243; header_2_font=&#8220;|700||on|||||&#8220; header_2_text_color=&#8220;rgba(255,255,255,0.95)&#8220; header_2_font_size=&#8220;44px&#8220; header_2_line_height=&#8220;1.4em&#8220; header_3_font=&#8220;Shadows Into Light Two|600|||||||&#8220; header_3_text_color=&#8220;#A1C92A&#8220; header_3_letter_spacing=&#8220;3px&#8220; text_orientation=&#8220;center&#8220; max_width=&#8220;700px&#8220; module_alignment=&#8220;center&#8220; custom_margin=&#8220;||120px||false|false&#8220; animation_style=&#8220;slide&#8220; animation_direction=&#8220;bottom&#8220; animation_intensity_slide=&#8220;10%&#8220; header_2_font_size_tablet=&#8220;&#8220; header_2_font_size_phone=&#8220;36px&#8220; header_2_font_size_last_edited=&#8220;on|phone&#8220; locked=&#8220;off&#8220;]<\/p>\n<h3>Insushi in der Dalmatienstra\u00dfe<\/h3>\n<h2>Unsere Entwicklung<\/h2>\n<p>Dank unserer Hingabe und des unaufh\u00f6rlichen Vertiefens der japanischen gastronomischen Tradition konnten wir schon einige Jahre sp\u00e4ter ein zweites Restaurant er\u00f6ffnen &#8211; immer in Bozen, aber etwas weiter vom Stadtzentrum entfernt, um noch mehr G\u00e4ste empfangen zu k\u00f6nnen.<\/p>\n<p>Unser Wunsch ist es, allen unseren Kunden die authentische japanische K\u00fcche zu vermitteln und auch die anspruchsvollsten Gaumen zu \u00fcberraschen.[\/et_pb_text][et_pb_gallery gallery_ids=&#8220;2657,2992,2664,2990&#8243; show_title_and_caption=&#8220;off&#8220; hover_overlay_color=&#8220;rgba(0,0,0,0.8)&#8220; _builder_version=&#8220;4.9.2&#8243; _module_preset=&#8220;default&#8220; border_width_all=&#8220;1px&#8220; border_color_all=&#8220;#000000&#8243;][\/et_pb_gallery][\/et_pb_column][\/et_pb_row][\/et_pb_section][et_pb_section fb_built=&#8220;1&#8243; custom_padding_last_edited=&#8220;on|phone&#8220; _builder_version=&#8220;4.9.2&#8243; _module_preset=&#8220;default&#8220; background_color=&#8220;#000000&#8243; custom_padding=&#8220;80px||160px||false|false&#8220; custom_padding_tablet=&#8220;80px||80px||false|false&#8220; custom_padding_phone=&#8220;&#8220;][et_pb_row column_structure=&#8220;3_5,2_5&#8243; _builder_version=&#8220;4.7.6&#8243; _module_preset=&#8220;default&#8220;][et_pb_column type=&#8220;3_5&#8243; _builder_version=&#8220;4.7.6&#8243; _module_preset=&#8220;default&#8220;][et_pb_text _builder_version=&#8220;4.9.2&#8243; _module_preset=&#8220;default&#8220; header_2_font=&#8220;|700||on|||||&#8220; header_2_text_color=&#8220;rgba(255,255,255,0.95)&#8220; header_2_font_size=&#8220;44px&#8220; header_2_line_height=&#8220;1.4em&#8220; header_3_font=&#8220;Shadows Into Light Two|600|||||||&#8220; header_3_text_color=&#8220;#A1C92A&#8220; header_3_letter_spacing=&#8220;3px&#8220; max_width=&#8220;700px&#8220; module_alignment=&#8220;center&#8220; custom_margin=&#8220;70px||||false|false&#8220; custom_padding=&#8220;|60px|||false|false&#8220; custom_padding_tablet=&#8220;|0px|||false|false&#8220; custom_padding_phone=&#8220;&#8220; custom_padding_last_edited=&#8220;on|phone&#8220; animation_style=&#8220;slide&#8220; animation_direction=&#8220;bottom&#8220; animation_intensity_slide=&#8220;10%&#8220; header_2_font_size_tablet=&#8220;&#8220; header_2_font_size_phone=&#8220;36px&#8220; header_2_font_size_last_edited=&#8220;on|phone&#8220;]<\/p>\n<h3>Unsere gr\u00f6\u00dfte Freude<\/h3>\n<h2>Gemeinsam nach vorne<\/h2>\n<div><span lang=\"DE\">Unsere gr\u00f6\u00dfte Befriedigung ist es, die G\u00e4ste mit unseren Gerichten zufrieden zu stellen. Die Entwicklung des Insushi-Restaurants ist f\u00fcr uns Ansporn und fester Ausgangspunkt, um best\u00e4ndig besser zu werden.<\/span><\/div>\n<div><\/div>\n<div><span lang=\"DE\">Zwar erforschen wir die japanische K\u00fcche, doch wir lernen auch viel von unseren G\u00e4sten aufmerksam ber\u00fccksichtigen wir individuelle Bed\u00fcrfnisse und versuchen, Gerichte zu erschaffen, die im Geschmack sowohl der Tradition huldigen als auch den kulinarischen Erwartungen unserer Kunden entgegenkommen.<\/span><\/div>\n<div><\/div>\n<div><span lang=\"DE\">&#8222;Sushi ist viel mehr, als nur Fisch auf Reis zu legen. <\/span>Sushi ist eine Kunstform.\u201d (Zitat von Jiro Ono)<\/div>\n<p>[\/et_pb_text][\/et_pb_column][et_pb_column type=&#8220;2_5&#8243; _builder_version=&#8220;4.7.6&#8243; _module_preset=&#8220;default&#8220;][et_pb_image src=&#8220;https:\/\/insushi.it\/wp-content\/uploads\/2021\/03\/sushi.jpg&#8220; alt=&#8220;sushi&#8220; title_text=&#8220;sushi&#8220; force_fullwidth=&#8220;on&#8220; _builder_version=&#8220;4.9.1&#8243; _module_preset=&#8220;default&#8220; custom_margin=&#8220;||0px||false|false&#8220; scroll_vertical_motion=&#8220;0|50|50|100|0.3|0|-0.3&#8243;][\/et_pb_image][\/et_pb_column][\/et_pb_row][\/et_pb_section]<\/p>\n","protected":false},"excerpt":{"rendered":"<p>Insushi am Siegesplatz So hat alles begonnen Im Jahr 2009 haben wir unser erstes Restaurant er\u00f6ffnet &#8211; eine kleine asiatische Genuss-Oase am Rande der Bozner Altstadt. Unser Mission war und ist es, die G\u00e4ste zu \u00fcberraschen und ihnen die authentischen Geschmacksnoten der japanischen K\u00fcche n\u00e4herzubringen. Von der stimmungsvollen Einrichtung bis hin zur Pr\u00e4sentation der Gerichte [&hellip;]<\/p>\n","protected":false},"author":1,"featured_media":1971,"parent":0,"menu_order":0,"comment_status":"closed","ping_status":"closed","template":"","meta":{"_et_pb_use_builder":"on","_et_pb_old_content":"","_et_gb_content_width":"","footnotes":""},"class_list":["post-1453","page","type-page","status-publish","has-post-thumbnail","hentry"],"yoast_head":"<!-- This site is optimized with the Yoast SEO plugin v26.8 - https:\/\/yoast.com\/product\/yoast-seo-wordpress\/ -->\n<title>Sushi-Restaurant und orientalische K\u00fcche in Bozen - Insushi<\/title>\n<meta name=\"robots\" content=\"index, follow, max-snippet:-1, max-image-preview:large, max-video-preview:-1\" \/>\n<link rel=\"canonical\" href=\"https:\/\/insushi.it\/de\/restaurant\/\" \/>\n<meta property=\"og:locale\" content=\"de_DE\" \/>\n<meta property=\"og:type\" content=\"article\" \/>\n<meta property=\"og:title\" content=\"Sushi-Restaurant und orientalische K\u00fcche in Bozen - Insushi\" \/>\n<meta property=\"og:description\" content=\"Insushi am Siegesplatz So hat alles begonnen Im Jahr 2009 haben wir unser erstes Restaurant er\u00f6ffnet - eine kleine asiatische Genuss-Oase am Rande der Bozner Altstadt. Unser Mission war und ist es, die G\u00e4ste zu \u00fcberraschen und ihnen die authentischen Geschmacksnoten der japanischen K\u00fcche n\u00e4herzubringen. Von der stimmungsvollen Einrichtung bis hin zur Pr\u00e4sentation der Gerichte [&hellip;]\" \/>\n<meta property=\"og:url\" content=\"https:\/\/insushi.it\/de\/restaurant\/\" \/>\n<meta property=\"og:site_name\" content=\"Insushi\" \/>\n<meta property=\"article:modified_time\" content=\"2021-04-07T18:27:33+00:00\" \/>\n<meta property=\"og:image\" content=\"https:\/\/insushi.it\/wp-content\/uploads\/2021\/01\/ristorante_sushi_bolzano_insushi_06.jpg\" \/>\n\t<meta property=\"og:image:width\" content=\"1920\" \/>\n\t<meta property=\"og:image:height\" content=\"1280\" \/>\n\t<meta property=\"og:image:type\" content=\"image\/jpeg\" \/>\n<meta name=\"twitter:card\" content=\"summary_large_image\" \/>\n<meta name=\"twitter:label1\" content=\"Gesch\u00e4tzte Lesezeit\" \/>\n\t<meta name=\"twitter:data1\" content=\"6\u00a0Minuten\" \/>\n<script type=\"application\/ld+json\" class=\"yoast-schema-graph\">{\"@context\":\"https:\/\/schema.org\",\"@graph\":[{\"@type\":\"WebPage\",\"@id\":\"https:\/\/insushi.it\/de\/restaurant\/\",\"url\":\"https:\/\/insushi.it\/de\/restaurant\/\",\"name\":\"Sushi-Restaurant und orientalische K\u00fcche in Bozen - Insushi\",\"isPartOf\":{\"@id\":\"https:\/\/insushi.it\/de\/#website\"},\"primaryImageOfPage\":{\"@id\":\"https:\/\/insushi.it\/de\/restaurant\/#primaryimage\"},\"image\":{\"@id\":\"https:\/\/insushi.it\/de\/restaurant\/#primaryimage\"},\"thumbnailUrl\":\"https:\/\/insushi.it\/wp-content\/uploads\/2021\/01\/ristorante_sushi_bolzano_insushi_06.jpg\",\"datePublished\":\"2020-12-19T18:27:57+00:00\",\"dateModified\":\"2021-04-07T18:27:33+00:00\",\"breadcrumb\":{\"@id\":\"https:\/\/insushi.it\/de\/restaurant\/#breadcrumb\"},\"inLanguage\":\"de\",\"potentialAction\":[{\"@type\":\"ReadAction\",\"target\":[\"https:\/\/insushi.it\/de\/restaurant\/\"]}]},{\"@type\":\"ImageObject\",\"inLanguage\":\"de\",\"@id\":\"https:\/\/insushi.it\/de\/restaurant\/#primaryimage\",\"url\":\"https:\/\/insushi.it\/wp-content\/uploads\/2021\/01\/ristorante_sushi_bolzano_insushi_06.jpg\",\"contentUrl\":\"https:\/\/insushi.it\/wp-content\/uploads\/2021\/01\/ristorante_sushi_bolzano_insushi_06.jpg\",\"width\":1920,\"height\":1280,\"caption\":\"Asiatisches Restaurant Bozen\"},{\"@type\":\"BreadcrumbList\",\"@id\":\"https:\/\/insushi.it\/de\/restaurant\/#breadcrumb\",\"itemListElement\":[{\"@type\":\"ListItem\",\"position\":1,\"name\":\"Home\",\"item\":\"https:\/\/insushi.it\/de\/\"},{\"@type\":\"ListItem\",\"position\":2,\"name\":\"Restaurant\"}]},{\"@type\":\"WebSite\",\"@id\":\"https:\/\/insushi.it\/de\/#website\",\"url\":\"https:\/\/insushi.it\/de\/\",\"name\":\"Insushi\",\"description\":\"Ristorante Sushi a Bolzano\",\"potentialAction\":[{\"@type\":\"SearchAction\",\"target\":{\"@type\":\"EntryPoint\",\"urlTemplate\":\"https:\/\/insushi.it\/de\/?s={search_term_string}\"},\"query-input\":{\"@type\":\"PropertyValueSpecification\",\"valueRequired\":true,\"valueName\":\"search_term_string\"}}],\"inLanguage\":\"de\"}]}<\/script>\n<!-- \/ Yoast SEO plugin. -->","yoast_head_json":{"title":"Sushi-Restaurant und orientalische K\u00fcche in Bozen - Insushi","robots":{"index":"index","follow":"follow","max-snippet":"max-snippet:-1","max-image-preview":"max-image-preview:large","max-video-preview":"max-video-preview:-1"},"canonical":"https:\/\/insushi.it\/de\/restaurant\/","og_locale":"de_DE","og_type":"article","og_title":"Sushi-Restaurant und orientalische K\u00fcche in Bozen - Insushi","og_description":"Insushi am Siegesplatz So hat alles begonnen Im Jahr 2009 haben wir unser erstes Restaurant er\u00f6ffnet - eine kleine asiatische Genuss-Oase am Rande der Bozner Altstadt. Unser Mission war und ist es, die G\u00e4ste zu \u00fcberraschen und ihnen die authentischen Geschmacksnoten der japanischen K\u00fcche n\u00e4herzubringen. Von der stimmungsvollen Einrichtung bis hin zur Pr\u00e4sentation der Gerichte [&hellip;]","og_url":"https:\/\/insushi.it\/de\/restaurant\/","og_site_name":"Insushi","article_modified_time":"2021-04-07T18:27:33+00:00","og_image":[{"width":1920,"height":1280,"url":"https:\/\/insushi.it\/wp-content\/uploads\/2021\/01\/ristorante_sushi_bolzano_insushi_06.jpg","type":"image\/jpeg"}],"twitter_card":"summary_large_image","twitter_misc":{"Gesch\u00e4tzte Lesezeit":"6\u00a0Minuten"},"schema":{"@context":"https:\/\/schema.org","@graph":[{"@type":"WebPage","@id":"https:\/\/insushi.it\/de\/restaurant\/","url":"https:\/\/insushi.it\/de\/restaurant\/","name":"Sushi-Restaurant und orientalische K\u00fcche in Bozen - Insushi","isPartOf":{"@id":"https:\/\/insushi.it\/de\/#website"},"primaryImageOfPage":{"@id":"https:\/\/insushi.it\/de\/restaurant\/#primaryimage"},"image":{"@id":"https:\/\/insushi.it\/de\/restaurant\/#primaryimage"},"thumbnailUrl":"https:\/\/insushi.it\/wp-content\/uploads\/2021\/01\/ristorante_sushi_bolzano_insushi_06.jpg","datePublished":"2020-12-19T18:27:57+00:00","dateModified":"2021-04-07T18:27:33+00:00","breadcrumb":{"@id":"https:\/\/insushi.it\/de\/restaurant\/#breadcrumb"},"inLanguage":"de","potentialAction":[{"@type":"ReadAction","target":["https:\/\/insushi.it\/de\/restaurant\/"]}]},{"@type":"ImageObject","inLanguage":"de","@id":"https:\/\/insushi.it\/de\/restaurant\/#primaryimage","url":"https:\/\/insushi.it\/wp-content\/uploads\/2021\/01\/ristorante_sushi_bolzano_insushi_06.jpg","contentUrl":"https:\/\/insushi.it\/wp-content\/uploads\/2021\/01\/ristorante_sushi_bolzano_insushi_06.jpg","width":1920,"height":1280,"caption":"Asiatisches Restaurant Bozen"},{"@type":"BreadcrumbList","@id":"https:\/\/insushi.it\/de\/restaurant\/#breadcrumb","itemListElement":[{"@type":"ListItem","position":1,"name":"Home","item":"https:\/\/insushi.it\/de\/"},{"@type":"ListItem","position":2,"name":"Restaurant"}]},{"@type":"WebSite","@id":"https:\/\/insushi.it\/de\/#website","url":"https:\/\/insushi.it\/de\/","name":"Insushi","description":"Ristorante Sushi a Bolzano","potentialAction":[{"@type":"SearchAction","target":{"@type":"EntryPoint","urlTemplate":"https:\/\/insushi.it\/de\/?s={search_term_string}"},"query-input":{"@type":"PropertyValueSpecification","valueRequired":true,"valueName":"search_term_string"}}],"inLanguage":"de"}]}},"_links":{"self":[{"href":"https:\/\/insushi.it\/de\/wp-json\/wp\/v2\/pages\/1453","targetHints":{"allow":["GET"]}}],"collection":[{"href":"https:\/\/insushi.it\/de\/wp-json\/wp\/v2\/pages"}],"about":[{"href":"https:\/\/insushi.it\/de\/wp-json\/wp\/v2\/types\/page"}],"author":[{"embeddable":true,"href":"https:\/\/insushi.it\/de\/wp-json\/wp\/v2\/users\/1"}],"replies":[{"embeddable":true,"href":"https:\/\/insushi.it\/de\/wp-json\/wp\/v2\/comments?post=1453"}],"version-history":[{"count":37,"href":"https:\/\/insushi.it\/de\/wp-json\/wp\/v2\/pages\/1453\/revisions"}],"predecessor-version":[{"id":3498,"href":"https:\/\/insushi.it\/de\/wp-json\/wp\/v2\/pages\/1453\/revisions\/3498"}],"wp:featuredmedia":[{"embeddable":true,"href":"https:\/\/insushi.it\/de\/wp-json\/wp\/v2\/media\/1971"}],"wp:attachment":[{"href":"https:\/\/insushi.it\/de\/wp-json\/wp\/v2\/media?parent=1453"}],"curies":[{"name":"wp","href":"https:\/\/api.w.org\/{rel}","templated":true}]}}