{"id":1448,"date":"2020-12-19T19:20:20","date_gmt":"2020-12-19T18:20:20","guid":{"rendered":"https:\/\/insushi.it\/impressum\/"},"modified":"2022-09-10T13:58:30","modified_gmt":"2022-09-10T11:58:30","slug":"impressum","status":"publish","type":"page","link":"https:\/\/insushi.it\/de\/impressum\/","title":{"rendered":"Impressum"},"content":{"rendered":"<p>[et_pb_section fb_built=&#8220;1&#8243; _builder_version=&#8220;4.16&#8243; _module_preset=&#8220;default&#8220; background_color=&#8220;#000000&#8243; custom_padding=&#8220;100px||100px|||&#8220; global_colors_info=&#8220;{}&#8220;][et_pb_row _builder_version=&#8220;4.16&#8243; _module_preset=&#8220;default&#8220; global_colors_info=&#8220;{}&#8220;][et_pb_column type=&#8220;4_4&#8243; _builder_version=&#8220;4.16&#8243; _module_preset=&#8220;default&#8220; global_colors_info=&#8220;{}&#8220;][et_pb_text _builder_version=&#8220;4.16&#8243; _module_preset=&#8220;default&#8220; header_font_size=&#8220;40px&#8220; header_2_font=&#8220;|700||on|||||&#8220; header_2_text_color=&#8220;rgba(255,255,255,0.95)&#8220; header_2_line_height=&#8220;1.4em&#8220; header_3_font=&#8220;Shadows Into Light Two|600|||||||&#8220; header_3_text_color=&#8220;#A1C92A&#8220; header_3_letter_spacing=&#8220;3px&#8220; max_width=&#8220;800px&#8220; custom_margin=&#8220;||||false|false&#8220; custom_padding=&#8220;||||false|false&#8220; animation_style=&#8220;slide&#8220; animation_direction=&#8220;bottom&#8220; animation_intensity_slide=&#8220;10%&#8220; header_2_font_size_tablet=&#8220;&#8220; header_2_font_size_phone=&#8220;36px&#8220; header_2_font_size_last_edited=&#8220;on|phone&#8220; global_colors_info=&#8220;{}&#8220;]<\/p>\n<h1>Impressum<\/h1>\n<p>&nbsp;<\/p>\n<h2>Auftraggeber:<\/h2>\n<p>&nbsp;<\/p>\n<p>INSUSHI SNC DI BAO XIAOWEN &amp; C.<\/p>\n<p>Siegesplatz 20<br \/>\n39100 Bozen (BZ)<\/p>\n<p>Tel.\u00a0<a href=\"tel:0471285631\" target=\"_top\" rel=\"noopener\">0471 285631<\/a><br \/>\n<a href=\"mailto:info@insushi.it\" target=\"_top\" rel=\"noopener\">info@insushi.it<\/a><\/p>\n<p>MwSt: IT02924390210<\/p>\n<p>&nbsp;<\/p>\n<h2>Verantwortung f\u00fcr die Inhalte:<\/h2>\n<p>Der Inhalt dieser Website ist urheberrechtlich gesch\u00fctzt. Die Vervielf\u00e4ltigung, ganz oder teilweise, von Texten oder Ausz\u00fcgen und des gesamten Bildmaterials ist verboten, falls nicht ausdr\u00fccklich in schriftlicher Form von Lewald genehmigt und erlaubt. F\u00fcr den Inhalt verlinkter Seiten sind ausschlie\u00dflich deren Verwalter verantwortlich.<\/p>\n<p>&nbsp;<\/p>\n<h2>Design, Programmierung, Web Software, Hosting:<\/h2>\n<p><strong>Totalcom Network SRL<br \/>\n<\/strong><em>Marketing &amp; Web Agentur Bozen<\/em><\/p>\n<p>G Puccini Str. 8\/2<br \/>\nI-39100 Bozen (BZ)<br \/>\nTel:. 0471 162 8000<\/p>\n<p>Internet:\u00a0<a href=\"https:\/\/www.totalcom.it\/\">www.totalcom.it<\/a><br \/>\nE-Mail:\u00a0<a href=\"mailto:info@totalcom.it\">info@totalcom.it<\/a><br \/>\n<a href=\"mailto:helpdesk@totalcom.it\">helpdesk@totalcom.it<\/a> (Kundendienst)[\/et_pb_text][\/et_pb_column][\/et_pb_row][\/et_pb_section]<\/p>\n","protected":false},"excerpt":{"rendered":"<p>Impressum &nbsp; Auftraggeber: &nbsp; INSUSHI SNC DI BAO XIAOWEN &amp; C. Siegesplatz 20 39100 Bozen (BZ) Tel.\u00a00471 285631 info@insushi.it MwSt: IT02924390210 &nbsp; Verantwortung f\u00fcr die Inhalte: Der Inhalt dieser Website ist urheberrechtlich gesch\u00fctzt. Die Vervielf\u00e4ltigung, ganz oder teilweise, von Texten oder Ausz\u00fcgen und des gesamten Bildmaterials ist verboten, falls nicht ausdr\u00fccklich in schriftlicher Form von [&hellip;]<\/p>\n","protected":false},"author":1,"featured_media":0,"parent":0,"menu_order":0,"comment_status":"closed","ping_status":"closed","template":"","meta":{"_et_pb_use_builder":"on","_et_pb_old_content":"","_et_gb_content_width":"","footnotes":""},"class_list":["post-1448","page","type-page","status-publish","hentry"],"yoast_head":"<!-- This site is optimized with the Yoast SEO plugin v26.8 - https:\/\/yoast.com\/product\/yoast-seo-wordpress\/ -->\n<title>Impressum - Insushi<\/title>\n<meta name=\"robots\" content=\"index, follow, max-snippet:-1, max-image-preview:large, max-video-preview:-1\" \/>\n<link rel=\"canonical\" href=\"https:\/\/insushi.it\/de\/impressum\/\" \/>\n<meta property=\"og:locale\" content=\"de_DE\" \/>\n<meta property=\"og:type\" content=\"article\" \/>\n<meta property=\"og:title\" content=\"Impressum - Insushi\" \/>\n<meta property=\"og:description\" content=\"Impressum &nbsp; Auftraggeber: &nbsp; INSUSHI SNC DI BAO XIAOWEN &amp; C. Siegesplatz 20 39100 Bozen (BZ) Tel.\u00a00471 285631 info@insushi.it MwSt: IT02924390210 &nbsp; Verantwortung f\u00fcr die Inhalte: Der Inhalt dieser Website ist urheberrechtlich gesch\u00fctzt. Die Vervielf\u00e4ltigung, ganz oder teilweise, von Texten oder Ausz\u00fcgen und des gesamten Bildmaterials ist verboten, falls nicht ausdr\u00fccklich in schriftlicher Form von [&hellip;]\" \/>\n<meta property=\"og:url\" content=\"https:\/\/insushi.it\/de\/impressum\/\" \/>\n<meta property=\"og:site_name\" content=\"Insushi\" \/>\n<meta property=\"article:modified_time\" content=\"2022-09-10T11:58:30+00:00\" \/>\n<meta name=\"twitter:card\" content=\"summary_large_image\" \/>\n<meta name=\"twitter:label1\" content=\"Gesch\u00e4tzte Lesezeit\" \/>\n\t<meta name=\"twitter:data1\" content=\"1\u00a0Minute\" \/>\n<script type=\"application\/ld+json\" class=\"yoast-schema-graph\">{\"@context\":\"https:\/\/schema.org\",\"@graph\":[{\"@type\":\"WebPage\",\"@id\":\"https:\/\/insushi.it\/de\/impressum\/\",\"url\":\"https:\/\/insushi.it\/de\/impressum\/\",\"name\":\"Impressum - Insushi\",\"isPartOf\":{\"@id\":\"https:\/\/insushi.it\/de\/#website\"},\"datePublished\":\"2020-12-19T18:20:20+00:00\",\"dateModified\":\"2022-09-10T11:58:30+00:00\",\"breadcrumb\":{\"@id\":\"https:\/\/insushi.it\/de\/impressum\/#breadcrumb\"},\"inLanguage\":\"de\",\"potentialAction\":[{\"@type\":\"ReadAction\",\"target\":[\"https:\/\/insushi.it\/de\/impressum\/\"]}]},{\"@type\":\"BreadcrumbList\",\"@id\":\"https:\/\/insushi.it\/de\/impressum\/#breadcrumb\",\"itemListElement\":[{\"@type\":\"ListItem\",\"position\":1,\"name\":\"Home\",\"item\":\"https:\/\/insushi.it\/de\/\"},{\"@type\":\"ListItem\",\"position\":2,\"name\":\"Impressum\"}]},{\"@type\":\"WebSite\",\"@id\":\"https:\/\/insushi.it\/de\/#website\",\"url\":\"https:\/\/insushi.it\/de\/\",\"name\":\"Insushi\",\"description\":\"Ristorante Sushi a Bolzano\",\"potentialAction\":[{\"@type\":\"SearchAction\",\"target\":{\"@type\":\"EntryPoint\",\"urlTemplate\":\"https:\/\/insushi.it\/de\/?s={search_term_string}\"},\"query-input\":{\"@type\":\"PropertyValueSpecification\",\"valueRequired\":true,\"valueName\":\"search_term_string\"}}],\"inLanguage\":\"de\"}]}<\/script>\n<!-- \/ Yoast SEO plugin. -->","yoast_head_json":{"title":"Impressum - Insushi","robots":{"index":"index","follow":"follow","max-snippet":"max-snippet:-1","max-image-preview":"max-image-preview:large","max-video-preview":"max-video-preview:-1"},"canonical":"https:\/\/insushi.it\/de\/impressum\/","og_locale":"de_DE","og_type":"article","og_title":"Impressum - Insushi","og_description":"Impressum &nbsp; Auftraggeber: &nbsp; INSUSHI SNC DI BAO XIAOWEN &amp; C. Siegesplatz 20 39100 Bozen (BZ) Tel.\u00a00471 285631 info@insushi.it MwSt: IT02924390210 &nbsp; Verantwortung f\u00fcr die Inhalte: Der Inhalt dieser Website ist urheberrechtlich gesch\u00fctzt. Die Vervielf\u00e4ltigung, ganz oder teilweise, von Texten oder Ausz\u00fcgen und des gesamten Bildmaterials ist verboten, falls nicht ausdr\u00fccklich in schriftlicher Form von [&hellip;]","og_url":"https:\/\/insushi.it\/de\/impressum\/","og_site_name":"Insushi","article_modified_time":"2022-09-10T11:58:30+00:00","twitter_card":"summary_large_image","twitter_misc":{"Gesch\u00e4tzte Lesezeit":"1\u00a0Minute"},"schema":{"@context":"https:\/\/schema.org","@graph":[{"@type":"WebPage","@id":"https:\/\/insushi.it\/de\/impressum\/","url":"https:\/\/insushi.it\/de\/impressum\/","name":"Impressum - Insushi","isPartOf":{"@id":"https:\/\/insushi.it\/de\/#website"},"datePublished":"2020-12-19T18:20:20+00:00","dateModified":"2022-09-10T11:58:30+00:00","breadcrumb":{"@id":"https:\/\/insushi.it\/de\/impressum\/#breadcrumb"},"inLanguage":"de","potentialAction":[{"@type":"ReadAction","target":["https:\/\/insushi.it\/de\/impressum\/"]}]},{"@type":"BreadcrumbList","@id":"https:\/\/insushi.it\/de\/impressum\/#breadcrumb","itemListElement":[{"@type":"ListItem","position":1,"name":"Home","item":"https:\/\/insushi.it\/de\/"},{"@type":"ListItem","position":2,"name":"Impressum"}]},{"@type":"WebSite","@id":"https:\/\/insushi.it\/de\/#website","url":"https:\/\/insushi.it\/de\/","name":"Insushi","description":"Ristorante Sushi a Bolzano","potentialAction":[{"@type":"SearchAction","target":{"@type":"EntryPoint","urlTemplate":"https:\/\/insushi.it\/de\/?s={search_term_string}"},"query-input":{"@type":"PropertyValueSpecification","valueRequired":true,"valueName":"search_term_string"}}],"inLanguage":"de"}]}},"_links":{"self":[{"href":"https:\/\/insushi.it\/de\/wp-json\/wp\/v2\/pages\/1448","targetHints":{"allow":["GET"]}}],"collection":[{"href":"https:\/\/insushi.it\/de\/wp-json\/wp\/v2\/pages"}],"about":[{"href":"https:\/\/insushi.it\/de\/wp-json\/wp\/v2\/types\/page"}],"author":[{"embeddable":true,"href":"https:\/\/insushi.it\/de\/wp-json\/wp\/v2\/users\/1"}],"replies":[{"embeddable":true,"href":"https:\/\/insushi.it\/de\/wp-json\/wp\/v2\/comments?post=1448"}],"version-history":[{"count":23,"href":"https:\/\/insushi.it\/de\/wp-json\/wp\/v2\/pages\/1448\/revisions"}],"predecessor-version":[{"id":3650,"href":"https:\/\/insushi.it\/de\/wp-json\/wp\/v2\/pages\/1448\/revisions\/3650"}],"wp:attachment":[{"href":"https:\/\/insushi.it\/de\/wp-json\/wp\/v2\/media?parent=1448"}],"curies":[{"name":"wp","href":"https:\/\/api.w.org\/{rel}","templated":true}]}}