{"id":1439,"date":"2020-12-19T19:10:36","date_gmt":"2020-12-19T18:10:36","guid":{"rendered":"https:\/\/insushi.it\/kueche\/"},"modified":"2022-09-08T12:57:43","modified_gmt":"2022-09-08T10:57:43","slug":"kueche","status":"publish","type":"page","link":"https:\/\/insushi.it\/de\/kueche\/","title":{"rendered":"Unsere K\u00fcche"},"content":{"rendered":"<p>[et_pb_section fb_built=&#8220;1&#8243; fullwidth=&#8220;on&#8220; _builder_version=&#8220;4.8.2&#8243; _module_preset=&#8220;default&#8220; background_color=&#8220;#ffffff&#8220; background_image=&#8220;https:\/\/insushi.it\/wp-content\/uploads\/2021\/02\/7bfe51a5-17e7-4d56-9b5c-c8cd8deeeac8-e1612291541947.jpg&#8220; locked=&#8220;off&#8220;][et_pb_fullwidth_header title=&#8220;K\u00fcche&#8220; subhead=&#8220;Aufmerksamkeit und Sorgfalt in der Zubereitung jedes einzelnen Gerichts.&#8220; button_one_url=&#8220;#menu&#8220; button_two_url=&#8220;#opening&#8220; content_max_width=&#8220;650px&#8220; _builder_version=&#8220;4.7.7&#8243; _module_preset=&#8220;default&#8220; title_font=&#8220;|700||on|||||&#8220; title_text_color=&#8220;#FFFFFF&#8220; title_font_size=&#8220;70px&#8220; content_text_color=&#8220;#000000&#8243; content_font_size=&#8220;39px&#8220; subhead_text_color=&#8220;#FFFFFF&#8220; subhead_font_size=&#8220;26px&#8220; subhead_line_height=&#8220;1.4em&#8220; content_link_text_color=&#8220;rgba(255,255,255,0.5)&#8220; custom_button_one=&#8220;on&#8220; button_one_border_radius=&#8220;100px&#8220; button_one_custom_padding=&#8220;|40px||40px|false|false&#8220; custom_button_two=&#8220;on&#8220; button_two_text_color=&#8220;#97b457&#8243; button_two_border_radius=&#8220;100px&#8220; button_two_custom_padding=&#8220;|40px||40px|false|false&#8220; custom_padding=&#8220;120px||120px||true|false&#8220; custom_padding_tablet=&#8220;180px||160px||false|false&#8220; custom_padding_phone=&#8220;60px||80px||false|false&#8220; custom_padding_last_edited=&#8220;on|phone&#8220; title_font_size_phone=&#8220;42px&#8220; title_font_size_last_edited=&#8220;on|phone&#8220; subhead_font_size_tablet=&#8220;&#8220; subhead_font_size_phone=&#8220;22px&#8220; subhead_font_size_last_edited=&#8220;on|phone&#8220; background_enable_color_tablet=&#8220;off&#8220; background_enable_color_phone=&#8220;off&#8220; use_background_color_gradient_tablet=&#8220;off&#8220; background_color_gradient_end_tablet=&#8220;rgba(10,2,3,0)&#8220; background_color_gradient_end_phone=&#8220;rgba(10,2,3,0.2)&#8220; custom_css_subtitle=&#8220;margin:20px 0 40px;&#8220; button_two_text_color__hover_enabled=&#8220;on|hover&#8220; button_two_text_color__hover=&#8220;#ffffff&#8220; button_two_bg_color__hover_enabled=&#8220;on|hover&#8220; button_two_bg_color__hover=&#8220;#de9e4c&#8220; button_two_bg_enable_color__hover=&#8220;on&#8220; button_two_border_color__hover_enabled=&#8220;on|hover&#8220; button_two_border_color__hover=&#8220;#97b457&#8243; button_one_bg_color__hover_enabled=&#8220;on|hover&#8220; button_one_bg_color__hover=&#8220;#ffffff&#8220; button_one_bg_enable_color__hover=&#8220;on&#8220; button_one_text_color__hover_enabled=&#8220;on|hover&#8220; button_one_text_color__hover=&#8220;#000000&#8243; background_color__hover=&#8220;#de9e4c&#8220; background_color__hover_tablet=&#8220;#de9e4c&#8220; background_color__hover_phone=&#8220;#de9e4c&#8220; background_enable_color=&#8220;off&#8220; background_last_edited=&#8220;on|desktop&#8220; use_background_color_gradient=&#8220;on&#8220; background_color_gradient_start=&#8220;rgba(10,10,10,0.95)&#8220; background_color_gradient_end=&#8220;rgba(10,2,3,0)&#8220; background_color_gradient_direction=&#8220;90deg&#8220; background_color_gradient_start_position=&#8220;25%&#8220; background_color_gradient_end_position=&#8220;80%&#8220;][\/et_pb_fullwidth_header][\/et_pb_section][et_pb_section fb_built=&#8220;1&#8243; custom_padding_last_edited=&#8220;on|desktop&#8220; _builder_version=&#8220;4.9.2&#8243; _module_preset=&#8220;default&#8220; background_color=&#8220;#000000&#8243; custom_padding=&#8220;0px||160px||false|false&#8220; custom_padding_tablet=&#8220;4px||120px||false|false&#8220; custom_padding_phone=&#8220;&#8220; locked=&#8220;off&#8220;][et_pb_row use_custom_gutter=&#8220;on&#8220; gutter_width=&#8220;1&#8243; _builder_version=&#8220;4.7.7&#8243; _module_preset=&#8220;default&#8220; width=&#8220;98%&#8220; max_width=&#8220;1500px&#8220; custom_margin=&#8220;|auto||auto|false|false&#8220; custom_padding=&#8220;||0px||false|false&#8220;][et_pb_column type=&#8220;4_4&#8243; _builder_version=&#8220;4.7.6&#8243; _module_preset=&#8220;default&#8220; border_width_all=&#8220;15px&#8220; border_color_all=&#8220;rgba(0,0,0,0)&#8220;][et_pb_text _builder_version=&#8220;4.9.2&#8243; header_2_font=&#8220;|700||on|||||&#8220; header_2_text_color=&#8220;rgba(255,255,255,0.95)&#8220; header_2_font_size=&#8220;44px&#8220; header_2_line_height=&#8220;1.4em&#8220; header_3_font=&#8220;Shadows Into Light Two|600|||||||&#8220; header_3_text_color=&#8220;#A1C92A&#8220; header_3_letter_spacing=&#8220;3px&#8220; text_orientation=&#8220;center&#8220; max_width=&#8220;700px&#8220; module_alignment=&#8220;center&#8220; custom_margin=&#8220;100px|60px|80px|||&#8220; custom_margin_tablet=&#8220;80px||||false|false&#8220; custom_margin_phone=&#8220;&#8220; custom_margin_last_edited=&#8220;on|phone&#8220; animation_style=&#8220;slide&#8220; animation_direction=&#8220;bottom&#8220; animation_intensity_slide=&#8220;10%&#8220; header_2_font_size_tablet=&#8220;&#8220; header_2_font_size_phone=&#8220;36px&#8220; header_2_font_size_last_edited=&#8220;on|phone&#8220; locked=&#8220;off&#8220;]<\/p>\n<h3>Unsere Mission<\/h3>\n<h2>Den Gaumen unserer G\u00e4ste erobern<\/h2>\n<div>\n<p style=\"text-align: left;\" align=\"center\"><span lang=\"DE\">&#8222;Jedes Mal, wenn du etwas isst, f\u00fcgst du deinem Leben einen Tag hinzu.&#8220;<br \/>\n<\/span>(Japanisches Sprichwort)<\/p>\n<\/div>\n<p>Frische Zutaten und authentische Rezepte sind die Basis unserer Arbeit: Wir wollen, dass unsere Kunden immer zufrieden vom Tisch aufstehen, vor allem aber gl\u00fccklich dar\u00fcber, unsere K\u00fcche probiert zu haben.[\/et_pb_text][\/et_pb_column][\/et_pb_row][et_pb_row use_custom_gutter=&#8220;on&#8220; gutter_width=&#8220;1&#8243; _builder_version=&#8220;4.7.7&#8243; _module_preset=&#8220;default&#8220; width=&#8220;86%&#8220; max_width=&#8220;1300px&#8220; custom_padding=&#8220;0px|||||&#8220;][et_pb_column type=&#8220;4_4&#8243; _builder_version=&#8220;4.7.7&#8243; _module_preset=&#8220;default&#8220;][et_pb_image src=&#8220;https:\/\/insushi.it\/wp-content\/uploads\/2021\/03\/preparazione-sushi-1.jpg&#8220; alt=&#8220;Sushi-Zubereitung&#8220; _builder_version=&#8220;4.9.3&#8243; _module_preset=&#8220;default&#8220; width_tablet=&#8220;110%&#8220; width_phone=&#8220;140%&#8220; width_last_edited=&#8220;on|tablet&#8220; custom_margin=&#8220;60px||60px||true|&#8220; custom_margin_tablet=&#8220;0px||0px|-5%|true|false&#8220; custom_margin_phone=&#8220;|||-15%|true|false&#8220; custom_margin_last_edited=&#8220;on|phone&#8220; border_width_all=&#8220;1px&#8220; border_color_all=&#8220;#000000&#8243;][\/et_pb_image][\/et_pb_column][\/et_pb_row][et_pb_row column_structure=&#8220;3_5,2_5&#8243; custom_padding_last_edited=&#8220;on|tablet&#8220; _builder_version=&#8220;4.9.2&#8243; _module_preset=&#8220;default&#8220; custom_padding=&#8220;80px|||||&#8220; custom_padding_tablet=&#8220;0px||||false|false&#8220; custom_padding_phone=&#8220;&#8220; custom_css_main_element=&#8220;display:flex; flex-direction: row-reverse;&#8220; locked=&#8220;off&#8220; custom_css_main_element_last_edited=&#8220;on|tablet&#8220; custom_css_main_element_tablet=&#8220;display:block;&#8220;][et_pb_column type=&#8220;3_5&#8243; admin_label=&#8220;Text&#8220; _builder_version=&#8220;4.7.7&#8243; _module_preset=&#8220;default&#8220;][et_pb_text _builder_version=&#8220;4.9.2&#8243; _module_preset=&#8220;default&#8220; header_2_font=&#8220;|700||on|||||&#8220; header_2_text_color=&#8220;rgba(255,255,255,0.95)&#8220; header_2_font_size=&#8220;44px&#8220; header_2_line_height=&#8220;1.4em&#8220; header_3_font=&#8220;Shadows Into Light Two|600|||||||&#8220; header_3_text_color=&#8220;#A1C92A&#8220; header_3_letter_spacing=&#8220;3px&#8220; max_width=&#8220;700px&#8220; module_alignment=&#8220;center&#8220; custom_margin=&#8220;70px||||false|false&#8220; custom_margin_tablet=&#8220;||40px||false|false&#8220; custom_margin_phone=&#8220;&#8220; custom_margin_last_edited=&#8220;on|tablet&#8220; custom_padding=&#8220;|||110px|false|false&#8220; custom_padding_tablet=&#8220;|||0px|false|false&#8220; custom_padding_phone=&#8220;&#8220; custom_padding_last_edited=&#8220;on|tablet&#8220; animation_style=&#8220;slide&#8220; animation_direction=&#8220;bottom&#8220; animation_intensity_slide=&#8220;10%&#8220; header_2_font_size_tablet=&#8220;&#8220; header_2_font_size_phone=&#8220;36px&#8220; header_2_font_size_last_edited=&#8220;on|phone&#8220;]<\/p>\n<h3>Qualit\u00e4t<\/h3>\n<h2>Frische Zutaten<\/h2>\n<div><span lang=\"DE\">Als Basis f\u00fcr die meisten unserer Gerichte verwenden wir frischen Fisch, den wir sorgf\u00e4ltig bei den renommiertesten Lieferanten ausw\u00e4hlen und der unter strenger Einhaltung aller gesetzlichen Vorschriften zerlegt wird.<\/span><\/div>\n<div>\n<p><span lang=\"DE\">Lassen Sie sich von unserer Rohkostk\u00fcche verf\u00fchren und w\u00fcrzen Sie Ihre Gerichte mit unseren Spezialsaucen, die Ihren Speisen das gewisse Etwas verleihen.<\/span><\/p>\n<\/div>\n<p>[\/et_pb_text][\/et_pb_column][et_pb_column type=&#8220;2_5&#8243; _builder_version=&#8220;4.9.2&#8243; _module_preset=&#8220;default&#8220;][et_pb_image src=&#8220;https:\/\/insushi.it\/wp-content\/uploads\/2021\/03\/ingredienti-sushi.jpg&#8220; alt=&#8220;Sushi-Zutaten&#8220; title_text=&#8220;  Insushi-Sauce Insushi-Sauce&#8220; force_fullwidth=&#8220;on&#8220; _builder_version=&#8220;4.9.1&#8243; _module_preset=&#8220;default&#8220; custom_margin=&#8220;||0px||false|false&#8220; scroll_vertical_motion=&#8220;0|50|50|100|0.3|0|-0.3&#8243;][\/et_pb_image][\/et_pb_column][\/et_pb_row][et_pb_row column_structure=&#8220;3_5,2_5&#8243; custom_padding_last_edited=&#8220;on|tablet&#8220; _builder_version=&#8220;4.9.2&#8243; _module_preset=&#8220;default&#8220; custom_padding=&#8220;100px|||||&#8220; custom_padding_tablet=&#8220;60px||||false|false&#8220; custom_padding_phone=&#8220;&#8220; locked=&#8220;off&#8220;][et_pb_column type=&#8220;3_5&#8243; _builder_version=&#8220;4.7.6&#8243; _module_preset=&#8220;default&#8220;][et_pb_text _builder_version=&#8220;4.9.2&#8243; _module_preset=&#8220;default&#8220; header_2_font=&#8220;|700||on|||||&#8220; header_2_text_color=&#8220;rgba(255,255,255,0.95)&#8220; header_2_font_size=&#8220;44px&#8220; header_2_line_height=&#8220;1.4em&#8220; header_3_font=&#8220;Shadows Into Light Two|600|||||||&#8220; header_3_text_color=&#8220;#A1C92A&#8220; header_3_letter_spacing=&#8220;3px&#8220; max_width=&#8220;700px&#8220; module_alignment=&#8220;center&#8220; custom_margin=&#8220;70px||||false|false&#8220; custom_margin_tablet=&#8220;70px||40px||false|false&#8220; custom_margin_phone=&#8220;&#8220; custom_margin_last_edited=&#8220;on|tablet&#8220; custom_padding=&#8220;|60px|||false|false&#8220; custom_padding_tablet=&#8220;|0px|||false|false&#8220; custom_padding_phone=&#8220;&#8220; custom_padding_last_edited=&#8220;on|tablet&#8220; animation_style=&#8220;slide&#8220; animation_direction=&#8220;bottom&#8220; animation_intensity_slide=&#8220;10%&#8220; header_2_font_size_tablet=&#8220;&#8220; header_2_font_size_phone=&#8220;36px&#8220; header_2_font_size_last_edited=&#8220;on|phone&#8220;]<\/p>\n<h3>Spezialit\u00e4ten<\/h3>\n<h2>Unsere Saucen<\/h2>\n<div><span lang=\"DE\">Unsere Saucen sind die Kr\u00f6nung unseres Restaurants. Oft werden diese als ganz selbstverst\u00e4ndlich hingenommen, doch eine Sauce kann den Geschmack eines Gerichtes vollkommen ver\u00e4ndern, deswegen brauchen unterschiedliche Gerichte unterschiedliche Saucen.<\/span><\/div>\n<div><\/div>\n<div><span lang=\"DE\">F\u00fcr deren Zubereitung beziehen wir uns immer auf die japanische Tradition, manchmal jedoch entsprechen die intensivsten asiatischen Aromen nicht den Geschmackserwartungen unserer G\u00e4ste. So ist es uns im Laufe der Jahre gelungen, Saucen herzustellen, die zu unseren Gerichten passen, vor allem aber unseren Kunden schmecken. <\/span><\/div>\n<p>[\/et_pb_text][\/et_pb_column][et_pb_column type=&#8220;2_5&#8243; _builder_version=&#8220;4.7.6&#8243; _module_preset=&#8220;default&#8220;][et_pb_image src=&#8220;https:\/\/insushi.it\/wp-content\/uploads\/2021\/03\/salsa-insushi.jpg&#8220; alt=&#8220;Insushi-Sauce&#8220; force_fullwidth=&#8220;on&#8220; _builder_version=&#8220;4.9.1&#8243; _module_preset=&#8220;default&#8220; custom_margin=&#8220;||0px||false|false&#8220; scroll_vertical_motion=&#8220;0|50|50|100|0.3|0|-0.3&#8243;][\/et_pb_image][\/et_pb_column][\/et_pb_row][\/et_pb_section]<\/p>\n","protected":false},"excerpt":{"rendered":"<p>Unsere Mission Den Gaumen unserer G\u00e4ste erobern &#8222;Jedes Mal, wenn du etwas isst, f\u00fcgst du deinem Leben einen Tag hinzu.&#8220; (Japanisches Sprichwort) Frische Zutaten und authentische Rezepte sind die Basis unserer Arbeit: Wir wollen, dass unsere Kunden immer zufrieden vom Tisch aufstehen, vor allem aber gl\u00fccklich dar\u00fcber, unsere K\u00fcche probiert zu haben.Qualit\u00e4t Frische Zutaten Als [&hellip;]<\/p>\n","protected":false},"author":1,"featured_media":2485,"parent":0,"menu_order":0,"comment_status":"closed","ping_status":"closed","template":"","meta":{"_et_pb_use_builder":"on","_et_pb_old_content":"","_et_gb_content_width":"","footnotes":""},"class_list":["post-1439","page","type-page","status-publish","has-post-thumbnail","hentry"],"yoast_head":"<!-- This site is optimized with the Yoast SEO plugin v26.8 - https:\/\/yoast.com\/product\/yoast-seo-wordpress\/ -->\n<title>Japanische K\u00fcche in Bozen - Insushi<\/title>\n<meta name=\"robots\" content=\"index, follow, max-snippet:-1, max-image-preview:large, max-video-preview:-1\" \/>\n<link rel=\"canonical\" href=\"https:\/\/insushi.it\/de\/kueche\/\" \/>\n<meta property=\"og:locale\" content=\"de_DE\" \/>\n<meta property=\"og:type\" content=\"article\" \/>\n<meta property=\"og:title\" content=\"Japanische K\u00fcche in Bozen - Insushi\" \/>\n<meta property=\"og:description\" content=\"Unsere Mission Den Gaumen unserer G\u00e4ste erobern &quot;Jedes Mal, wenn du etwas isst, f\u00fcgst du deinem Leben einen Tag hinzu.&quot; (Japanisches Sprichwort) Frische Zutaten und authentische Rezepte sind die Basis unserer Arbeit: Wir wollen, dass unsere Kunden immer zufrieden vom Tisch aufstehen, vor allem aber gl\u00fccklich dar\u00fcber, unsere K\u00fcche probiert zu haben.Qualit\u00e4t Frische Zutaten Als [&hellip;]\" \/>\n<meta property=\"og:url\" content=\"https:\/\/insushi.it\/de\/kueche\/\" \/>\n<meta property=\"og:site_name\" content=\"Insushi\" \/>\n<meta property=\"article:modified_time\" content=\"2022-09-08T10:57:43+00:00\" \/>\n<meta property=\"og:image\" content=\"https:\/\/insushi.it\/wp-content\/uploads\/2021\/02\/7bfe51a5-17e7-4d56-9b5c-c8cd8deeeac8-e1612291541947.jpg\" \/>\n\t<meta property=\"og:image:width\" content=\"1280\" \/>\n\t<meta property=\"og:image:height\" content=\"720\" \/>\n\t<meta property=\"og:image:type\" content=\"image\/jpeg\" \/>\n<meta name=\"twitter:card\" content=\"summary_large_image\" \/>\n<meta name=\"twitter:label1\" content=\"Gesch\u00e4tzte Lesezeit\" \/>\n\t<meta name=\"twitter:data1\" content=\"7\u00a0Minuten\" \/>\n<script type=\"application\/ld+json\" class=\"yoast-schema-graph\">{\"@context\":\"https:\/\/schema.org\",\"@graph\":[{\"@type\":\"WebPage\",\"@id\":\"https:\/\/insushi.it\/de\/kueche\/\",\"url\":\"https:\/\/insushi.it\/de\/kueche\/\",\"name\":\"Japanische K\u00fcche in Bozen - Insushi\",\"isPartOf\":{\"@id\":\"https:\/\/insushi.it\/de\/#website\"},\"primaryImageOfPage\":{\"@id\":\"https:\/\/insushi.it\/de\/kueche\/#primaryimage\"},\"image\":{\"@id\":\"https:\/\/insushi.it\/de\/kueche\/#primaryimage\"},\"thumbnailUrl\":\"https:\/\/insushi.it\/wp-content\/uploads\/2021\/02\/7bfe51a5-17e7-4d56-9b5c-c8cd8deeeac8-e1612291541947.jpg\",\"datePublished\":\"2020-12-19T18:10:36+00:00\",\"dateModified\":\"2022-09-08T10:57:43+00:00\",\"breadcrumb\":{\"@id\":\"https:\/\/insushi.it\/de\/kueche\/#breadcrumb\"},\"inLanguage\":\"de\",\"potentialAction\":[{\"@type\":\"ReadAction\",\"target\":[\"https:\/\/insushi.it\/de\/kueche\/\"]}]},{\"@type\":\"ImageObject\",\"inLanguage\":\"de\",\"@id\":\"https:\/\/insushi.it\/de\/kueche\/#primaryimage\",\"url\":\"https:\/\/insushi.it\/wp-content\/uploads\/2021\/02\/7bfe51a5-17e7-4d56-9b5c-c8cd8deeeac8-e1612291541947.jpg\",\"contentUrl\":\"https:\/\/insushi.it\/wp-content\/uploads\/2021\/02\/7bfe51a5-17e7-4d56-9b5c-c8cd8deeeac8-e1612291541947.jpg\",\"width\":1280,\"height\":720},{\"@type\":\"BreadcrumbList\",\"@id\":\"https:\/\/insushi.it\/de\/kueche\/#breadcrumb\",\"itemListElement\":[{\"@type\":\"ListItem\",\"position\":1,\"name\":\"Home\",\"item\":\"https:\/\/insushi.it\/de\/\"},{\"@type\":\"ListItem\",\"position\":2,\"name\":\"Unsere K\u00fcche\"}]},{\"@type\":\"WebSite\",\"@id\":\"https:\/\/insushi.it\/de\/#website\",\"url\":\"https:\/\/insushi.it\/de\/\",\"name\":\"Insushi\",\"description\":\"Ristorante Sushi a Bolzano\",\"potentialAction\":[{\"@type\":\"SearchAction\",\"target\":{\"@type\":\"EntryPoint\",\"urlTemplate\":\"https:\/\/insushi.it\/de\/?s={search_term_string}\"},\"query-input\":{\"@type\":\"PropertyValueSpecification\",\"valueRequired\":true,\"valueName\":\"search_term_string\"}}],\"inLanguage\":\"de\"}]}<\/script>\n<!-- \/ Yoast SEO plugin. -->","yoast_head_json":{"title":"Japanische K\u00fcche in Bozen - Insushi","robots":{"index":"index","follow":"follow","max-snippet":"max-snippet:-1","max-image-preview":"max-image-preview:large","max-video-preview":"max-video-preview:-1"},"canonical":"https:\/\/insushi.it\/de\/kueche\/","og_locale":"de_DE","og_type":"article","og_title":"Japanische K\u00fcche in Bozen - Insushi","og_description":"Unsere Mission Den Gaumen unserer G\u00e4ste erobern \"Jedes Mal, wenn du etwas isst, f\u00fcgst du deinem Leben einen Tag hinzu.\" (Japanisches Sprichwort) Frische Zutaten und authentische Rezepte sind die Basis unserer Arbeit: Wir wollen, dass unsere Kunden immer zufrieden vom Tisch aufstehen, vor allem aber gl\u00fccklich dar\u00fcber, unsere K\u00fcche probiert zu haben.Qualit\u00e4t Frische Zutaten Als [&hellip;]","og_url":"https:\/\/insushi.it\/de\/kueche\/","og_site_name":"Insushi","article_modified_time":"2022-09-08T10:57:43+00:00","og_image":[{"width":1280,"height":720,"url":"https:\/\/insushi.it\/wp-content\/uploads\/2021\/02\/7bfe51a5-17e7-4d56-9b5c-c8cd8deeeac8-e1612291541947.jpg","type":"image\/jpeg"}],"twitter_card":"summary_large_image","twitter_misc":{"Gesch\u00e4tzte Lesezeit":"7\u00a0Minuten"},"schema":{"@context":"https:\/\/schema.org","@graph":[{"@type":"WebPage","@id":"https:\/\/insushi.it\/de\/kueche\/","url":"https:\/\/insushi.it\/de\/kueche\/","name":"Japanische K\u00fcche in Bozen - Insushi","isPartOf":{"@id":"https:\/\/insushi.it\/de\/#website"},"primaryImageOfPage":{"@id":"https:\/\/insushi.it\/de\/kueche\/#primaryimage"},"image":{"@id":"https:\/\/insushi.it\/de\/kueche\/#primaryimage"},"thumbnailUrl":"https:\/\/insushi.it\/wp-content\/uploads\/2021\/02\/7bfe51a5-17e7-4d56-9b5c-c8cd8deeeac8-e1612291541947.jpg","datePublished":"2020-12-19T18:10:36+00:00","dateModified":"2022-09-08T10:57:43+00:00","breadcrumb":{"@id":"https:\/\/insushi.it\/de\/kueche\/#breadcrumb"},"inLanguage":"de","potentialAction":[{"@type":"ReadAction","target":["https:\/\/insushi.it\/de\/kueche\/"]}]},{"@type":"ImageObject","inLanguage":"de","@id":"https:\/\/insushi.it\/de\/kueche\/#primaryimage","url":"https:\/\/insushi.it\/wp-content\/uploads\/2021\/02\/7bfe51a5-17e7-4d56-9b5c-c8cd8deeeac8-e1612291541947.jpg","contentUrl":"https:\/\/insushi.it\/wp-content\/uploads\/2021\/02\/7bfe51a5-17e7-4d56-9b5c-c8cd8deeeac8-e1612291541947.jpg","width":1280,"height":720},{"@type":"BreadcrumbList","@id":"https:\/\/insushi.it\/de\/kueche\/#breadcrumb","itemListElement":[{"@type":"ListItem","position":1,"name":"Home","item":"https:\/\/insushi.it\/de\/"},{"@type":"ListItem","position":2,"name":"Unsere K\u00fcche"}]},{"@type":"WebSite","@id":"https:\/\/insushi.it\/de\/#website","url":"https:\/\/insushi.it\/de\/","name":"Insushi","description":"Ristorante Sushi a Bolzano","potentialAction":[{"@type":"SearchAction","target":{"@type":"EntryPoint","urlTemplate":"https:\/\/insushi.it\/de\/?s={search_term_string}"},"query-input":{"@type":"PropertyValueSpecification","valueRequired":true,"valueName":"search_term_string"}}],"inLanguage":"de"}]}},"_links":{"self":[{"href":"https:\/\/insushi.it\/de\/wp-json\/wp\/v2\/pages\/1439","targetHints":{"allow":["GET"]}}],"collection":[{"href":"https:\/\/insushi.it\/de\/wp-json\/wp\/v2\/pages"}],"about":[{"href":"https:\/\/insushi.it\/de\/wp-json\/wp\/v2\/types\/page"}],"author":[{"embeddable":true,"href":"https:\/\/insushi.it\/de\/wp-json\/wp\/v2\/users\/1"}],"replies":[{"embeddable":true,"href":"https:\/\/insushi.it\/de\/wp-json\/wp\/v2\/comments?post=1439"}],"version-history":[{"count":51,"href":"https:\/\/insushi.it\/de\/wp-json\/wp\/v2\/pages\/1439\/revisions"}],"predecessor-version":[{"id":3630,"href":"https:\/\/insushi.it\/de\/wp-json\/wp\/v2\/pages\/1439\/revisions\/3630"}],"wp:featuredmedia":[{"embeddable":true,"href":"https:\/\/insushi.it\/de\/wp-json\/wp\/v2\/media\/2485"}],"wp:attachment":[{"href":"https:\/\/insushi.it\/de\/wp-json\/wp\/v2\/media?parent=1439"}],"curies":[{"name":"wp","href":"https:\/\/api.w.org\/{rel}","templated":true}]}}